{"id":1224,"date":"2026-01-28T10:46:02","date_gmt":"2026-01-28T10:46:02","guid":{"rendered":"https:\/\/advbtp.com\/home\/"},"modified":"2026-01-28T18:02:47","modified_gmt":"2026-01-28T18:02:47","slug":"home","status":"publish","type":"page","link":"https:\/\/advbtp.com\/","title":{"rendered":"L&rsquo;ARBRE DU VOYAGEUR BTP"},"content":{"rendered":"<div data-spectra-id=\"spectra-mhswf6vn-5hgnaf\"\tstyle=\"overflow: visible; --spectra-background-color: var(--ast-global-color-7); --spectra-overlay-opacity: 0.65;\" class=\"spectra-is-root-container alignfull spectra-overlay-color spectra-overflow spectra-background-color spectra-dim-ratio wp-block-spectra-container\" data-orientation=\"vertical\"\t>\n\t\n<div data-spectra-id=\"spectra-c07748dd-c6b2-439f-9c19-8b2306ad3a95\" style=\"overflow: visible\" class=\"spectra-overlay-color spectra-overflow wp-block-spectra-container\" data-orientation=\"horizontal\">\n\t\n<div data-spectra-id=\"spectra-mhswj7km-nwgb3i\" style=\"overflow: visible\" class=\"spectra-overlay-color spectra-overflow wp-block-spectra-container\" data-orientation=\"vertical\">\n\t\n\n<ul data-spectra-id=\"spectra-mhswkyj2-qdeact\" class=\"spectra-list spectra-list-unordered wp-block-spectra-list\">\n\t\n\n<li data-spectra-id=\"spectra-mhswkz3d-tjshuh\" class=\"spectra-list-item spectra-list-item-unordered spectra-list-item-level-0 wp-block-spectra-list-child-item\">\n\t\n<div data-spectra-id=\"spectra-mhswkzak-7kx3tz\" style=\"overflow: visible\" class=\"spectra-overlay-color spectra-overflow wp-block-spectra-container\" data-orientation=\"vertical\">\n\t<\/div>\n\n<\/li>\n\n<\/ul>\n\n\n\t<h1 data-spectra-id=\"spectra-8ddb9f68-4a21-48f3-a4e2-1508bf43cfac\" style=\"--spectra-text-color: white\" class=\"has-text-color has-link-color spectra-text-color wp-elements-27ddbfb55863946ad1706d88518c1622 wp-block-spectra-content has-text-color has-white-color\">\n\t\tL&rsquo;ARBRE DU VOYAGEUR BTP\u200b\t<\/h1>\n\n\n\t<p data-spectra-id=\"spectra-mhswl0qh-fysdgg\" style=\"--spectra-text-color: white\" class=\"has-text-color has-link-color spectra-text-color wp-elements-c5de22bc398417ea594f9adebbb40c82 wp-block-spectra-content has-text-color has-white-color\">\n\t\tADV BTP \u2013 R\u00e9novation Tous Corps d\u2019\u00c9tat (77)<br>Entreprise de r\u00e9novation sp\u00e9cialis\u00e9e dans la r\u00e9habilitation de maisons individuelles \u2013 <br>\ud83d\udccd Bailly-Romainvilliers (77700) <br><a href=\"https:\/\/advbtp.com\/?page_id=1188\" title=\"PRENDRE RENDEZ VOUS AVEC NOS CONSEILLERS\">\ud83d\udcde 06 50 48 61 18<br>Devis gratuit \u2013 Intervention rapide<\/a>\t<\/p>\n\n<\/div>\n\n\n<div data-spectra-id=\"spectra-55d989fa-d8d8-43ee-8aa5-ebfdc6da9478\" style=\"overflow: visible\" class=\"spectra-overlay-color spectra-overflow wp-block-spectra-container\" data-orientation=\"vertical\">\n\t\n\n<figure class=\"wp-block-gallery has-nested-images columns-default is-cropped wp-block-gallery-1 is-layout-flex wp-block-gallery-is-layout-flex\">\n<figure data-spectra-id=\"spectra-mhswyqws-6duq01\" class=\"wp-block-image size-full is-resized\"><img loading=\"lazy\" decoding=\"async\" width=\"1360\" height=\"1020\" data-id=\"3100\" src=\"https:\/\/advbtp.com\/wp-content\/uploads\/2026\/01\/cf-9.jpg\" alt=\"\" class=\"wp-image-3100\" srcset=\"https:\/\/advbtp.com\/wp-content\/uploads\/2026\/01\/cf-9.jpg 1360w, https:\/\/advbtp.com\/wp-content\/uploads\/2026\/01\/cf-9-300x225.jpg 300w, https:\/\/advbtp.com\/wp-content\/uploads\/2026\/01\/cf-9-1024x768.jpg 1024w, https:\/\/advbtp.com\/wp-content\/uploads\/2026\/01\/cf-9-768x576.jpg 768w\" sizes=\"auto, (max-width: 1360px) 100vw, 1360px\" \/><\/figure>\n<\/figure>\n\n\n\n<ul data-spectra-id=\"spectra-c9f75c23-5bab-42e8-9c72-517a3e8d48b2\" class=\"spectra-list spectra-list-unordered wp-block-spectra-list\">\n\t\n\n<li data-spectra-id=\"spectra-6e56569d-5496-471a-80d1-4adc20119567\" class=\"spectra-list-item spectra-list-item-unordered spectra-list-item-level-0 wp-block-spectra-list-child-item\">\n\t\n<div data-spectra-id=\"spectra-a512cf77-b6ff-43d6-a456-ebaa44b7b0d2\" style=\"--spectra-text-color: var(--ast-global-color-0)\" class=\"spectra-list-icon spectra-list-icon-unordered spectra-text-color wp-block-spectra-list-child-icon\">\n\t\t\t\t\t\t<svg class=\"spectra-icon\" xmlns=\"https:\/\/www.w3.org\/2000\/svg\" viewBox=\"0 0 320 512\" focusable=\"false\" style=\"fill: currentColor\"><path d=\"M320 144C320 223.5 255.5 288 176 288C96.47 288 32 223.5 32 144C32 64.47 96.47 0 176 0C255.5 0 320 64.47 320 144zM192 64C192 55.16 184.8 48 176 48C122.1 48 80 90.98 80 144C80 152.8 87.16 160 96 160C104.8 160 112 152.8 112 144C112 108.7 140.7 80 176 80C184.8 80 192 72.84 192 64zM144 480V317.1C154.4 319 165.1 319.1 176 319.1C186.9 319.1 197.6 319 208 317.1V480C208 497.7 193.7 512 176 512C158.3 512 144 497.7 144 480z\"><\/path><\/svg>\n\t\t\t\t<\/div>\n\n\n<div data-spectra-id=\"spectra-00eec119-e500-4c1e-933d-8ab2c0064afd\" style=\"overflow: visible\" class=\"spectra-overlay-color spectra-overflow wp-block-spectra-container\" data-orientation=\"vertical\">\n\t\n\t<p data-spectra-id=\"spectra-ff5810cb-23ba-4ac1-ad7e-8006ee877800\" style=\"--spectra-text-color: ast-global-color-2\" class=\"has-text-color has-link-color spectra-text-color wp-elements-58d0f8f2dd5bb688e0298b8d8d64f4f3 wp-block-spectra-content has-text-color has-ast-global-color-2-color\">\n\t\t<mark style=\"color:#ffffff\" class=\"has-inline-color\">1 RUE BOUDRY 77700 BAILLY ROMAINVILLIERS<\/mark>\t<\/p>\n\n<\/div>\n\n<\/li>\n\n<\/ul>\n\n<\/div>\n\n<\/div>\n\n<\/div>\n\n\n<div data-spectra-id=\"spectra-f6172238-9d2c-4c39-85b3-35a8ac44e636\"\tstyle=\"overflow: visible;\" class=\"spectra-is-root-container alignfull spectra-overlay-color spectra-overflow wp-block-spectra-container\" data-orientation=\"vertical\"\t>\n\t\n<div data-spectra-id=\"spectra-2543e9dd-076b-4684-8edc-185e8c3ea68b\" style=\"overflow: visible\" class=\"spectra-overlay-color spectra-overflow wp-block-spectra-container\" data-orientation=\"horizontal\">\n\t\n<div data-spectra-id=\"spectra-49aef54e-1f84-4ac8-a833-0e1ecc917306\" style=\"overflow: visible\" class=\"spectra-overlay-color spectra-overflow wp-block-spectra-container\" data-orientation=\"vertical\">\n\t\n\n<figure data-spectra-id=\"spectra-97598f60-8fb0-4802-8982-22e96446a225\" class=\"wp-block-image size-full is-resized\"><img loading=\"lazy\" decoding=\"async\" width=\"2048\" height=\"1536\" src=\"https:\/\/advbtp.com\/wp-content\/uploads\/2026\/01\/cf-1.jpg\" alt=\"\" class=\"wp-image-3104\" srcset=\"https:\/\/advbtp.com\/wp-content\/uploads\/2026\/01\/cf-1.jpg 2048w, https:\/\/advbtp.com\/wp-content\/uploads\/2026\/01\/cf-1-300x225.jpg 300w, https:\/\/advbtp.com\/wp-content\/uploads\/2026\/01\/cf-1-1024x768.jpg 1024w, https:\/\/advbtp.com\/wp-content\/uploads\/2026\/01\/cf-1-768x576.jpg 768w, https:\/\/advbtp.com\/wp-content\/uploads\/2026\/01\/cf-1-1536x1152.jpg 1536w\" sizes=\"auto, (max-width: 2048px) 100vw, 2048px\" \/><\/figure>\n\n<\/div>\n\n\n<div data-spectra-id=\"spectra-5fe377e1-ab68-4aa6-99e3-f37e172bd32b\" style=\"overflow: visible\" class=\"spectra-overlay-color spectra-overflow wp-block-spectra-container\" data-orientation=\"vertical\">\n\t\n\t<h2 data-spectra-id=\"spectra-mhsyctvf-y3l6ko\" class=\"wp-block-spectra-content\">\n\t\tR\u00c9NOVER L\u2019ESPRIT TRANQUILLE\t<\/h2>\n\n\n\n<blockquote class=\"wp-block-quote is-layout-flow wp-block-quote-is-layout-flow\">\n<p class=\"has-text-align-center\"><strong><em>Bien d\u00e9finir son projet, c\u2019est commencer les travaux l\u2019esprit serein.<\/em><\/strong><\/p>\n\n\n\n<hr class=\"wp-block-separator has-alpha-channel-opacity\" \/>\n\n\n\n<p><strong>ADV BTP<\/strong> est une entreprise du b\u00e2timent fran\u00e7aise experte en <strong>travaux de r\u00e9novation de l&rsquo;habitation<\/strong>, bas\u00e9e dans le secteur du VAL D&rsquo;EUROPE.<\/p>\n\n\n\n<p>Depuis sa cr\u00e9ation, ADV BTP a pour objectif d\u2019apporter <strong>des solutions de qualit\u00e9s, durables et adapt\u00e9es \u00e0 chaque projet<\/strong>, qu\u2019il s\u2019agisse de petits travaux, de r\u00e9novations compl\u00e8tes ou de prestations techniques pour des chantiers sp\u00e9cifiques.<\/p>\n\n\n\n<p>Notre <strong>approche professionnelle et attentive<\/strong> place l\u2019\u00e9coute du client au c\u0153ur de chaque intervention. Nous mettons notre savoir-faire artisanal en \u0153uvre pour offrir des finitions impeccables, ma\u00eetriser les d\u00e9lais et garantir la satisfaction sur tous nos chantiers.<\/p>\n\n\n\n<p>Gr\u00e2ce \u00e0 nos comp\u00e9tences sp\u00e9cialis\u00e9es et \u00e0 notre engagement \u00e0 respecter les normes du secteur, ADV BTP s\u2019impose comme un <strong>partenaire fiable pour vos projets de construction, r\u00e9novation int\u00e9rieure et ext\u00e9rieure<\/strong>.<\/p>\n<\/blockquote>\n\n<\/div>\n\n<\/div>\n\n<\/div>\n\n\n<div data-spectra-id=\"spectra-7fa8700e-2079-4df2-afe5-9d09875304a3\"\tstyle=\"overflow: visible;\" class=\"spectra-is-root-container alignfull spectra-overlay-color spectra-overflow wp-block-spectra-container\" data-orientation=\"vertical\"\t>\n\t\n<div data-spectra-id=\"spectra-7d4b83d2-5ccb-49e3-895b-bc943cf8ec79\" style=\"overflow: auto\" class=\"spectra-overlay-color spectra-overflow wp-block-spectra-container\" data-orientation=\"vertical\">\n\t\n<div data-spectra-id=\"spectra-218aadaf-77b2-4107-b163-956feacff5e9\" style=\"overflow: visible;--spectra-background-color: var(--ast-global-color-5);--spectra-box-shadow: 0px 32px 80px -32px #0000003d\" class=\"spectra-overlay-color spectra-overflow spectra-background-color spectra-box-shadow wp-block-spectra-container\" data-orientation=\"vertical\">\n\t\n\t<h2 data-spectra-id=\"spectra-63f2ad22-59af-4dd3-a073-be15dec60b78\" class=\"wp-block-spectra-content\">\n\t\tNOS PRESTATIONS\t<\/h2>\n\n\n\n<p><strong>Travaux int\u00e9rieurs &amp; ext\u00e9rieurs<\/strong><\/p>\n\n\n\n<hr class=\"wp-block-separator has-alpha-channel-opacity\" \/>\n\n\n\t<p data-spectra-id=\"spectra-mky71aiu-13nldn\" class=\"wp-block-spectra-content\">\n\t\t<em><strong>Interventions sur un rayon de 25 kms autour de VAL D&rsquo;EUROPE<\/strong><\/em>\t<\/p>\n\n\n\n<hr class=\"wp-block-separator has-alpha-channel-opacity\" \/>\n\n\n\t<p data-spectra-id=\"spectra-mky7718t-d0iw5s\" class=\"wp-block-spectra-content\">\n\t\t<a href=\"https:\/\/advbtp.com\/?page_id=1188\" title=\"PRENDRE RENDEZ VOUS AVEC NOS CONSEILLERS\">PRENDRE RENDEZ VOUS AVEC NOS CONSEILLERS<\/a>\t<\/p>\n\n\n\n<ul class=\"wp-block-list\">\n<li><strong>Salle de bain<\/strong><\/li>\n\n\n\n<li><strong>Am\u00e9nagement de combles<\/strong><\/li>\n\n\n\n<li><strong>Rev\u00eatement de sol<\/strong><\/li>\n\n\n\n<li><strong>\u00c9lectricit\u00e9 \/ plomberie<\/strong><\/li>\n\n\n\n<li><strong>Enduit \/ Peinture<\/strong><\/li>\n\n\n\n<li><strong>Pompe \u00e0 chaleur<\/strong><\/li>\n\n\n\n<li><strong>Isolation et cloisonnement<\/strong><\/li>\n\n\n\n<li><strong>Toiture et agrandissement<\/strong><\/li>\n<\/ul>\n\n\n\n<hr class=\"wp-block-separator has-alpha-channel-opacity\" \/>\n\n\n\n<p><strong>\ud83d\ude9c Location de mini-pelle \u2013 77400 + 15 km<\/strong><\/p>\n\n\n\n<hr class=\"wp-block-separator has-alpha-channel-opacity\" \/>\n\n\n\t<p data-spectra-id=\"spectra-3abcfbbc-5b3e-44d7-a2e6-f7876b12cee3\" class=\"wp-block-spectra-content\">\n\t\t<strong><em><a href=\"https:\/\/advbtp.com\/?page_id=1188\" title=\"PRENDRE RENDEZ VOUS AVEC NOS CONSEILLERS\">Pour les locations veuillez nous contacter directement par mail ou t\u00e9l\u00e9phone<\/a><\/em><\/strong>\t<\/p>\n\n<\/div>\n\n<\/div>\n\n\n\n<div style=\"height:0px\" aria-hidden=\"true\" class=\"wp-block-spacer wp-container-content-6388d5dc\"><\/div>\n\n<\/div>\n\n\n<div data-spectra-id=\"spectra-545a18bc-4474-452e-8795-13bd609ed312\"\tstyle=\"overflow: visible;\" class=\"spectra-is-root-container alignfull spectra-overlay-color spectra-overflow wp-block-spectra-container spectra-hide-desktop spectra-hide-tablet spectra-hide-mobile\" data-orientation=\"vertical\"\t>\n\t\n\n<details class=\"wp-block-details is-layout-flow wp-block-details-is-layout-flow\"><summary><\/summary><div data-spectra-id=\"spectra-96fde5e4-50b5-42e3-88cd-dd15c866547a\" style=\"overflow: visible\" class=\"spectra-overlay-color spectra-overflow wp-block-spectra-container\" data-orientation=\"vertical\">\n\t\n\t<h3 data-spectra-id=\"spectra-mht0z7xq-ge9197\" class=\"wp-block-spectra-content\">\n\t\tL&rsquo;ARBRE DU VOYAGEUR BTP\t<\/h3>\n\n\n<div data-spectra-id=\"spectra-mht0z92o-04ve1l\" style=\"overflow: visible\" class=\"spectra-overlay-color spectra-overflow wp-block-spectra-container\" data-orientation=\"vertical\">\n\t\n\n<div class=\"wp-block-group wp-container-content-516f2167 is-layout-constrained wp-block-group-is-layout-constrained\">\n<p class=\"has-text-align-center wp-container-content-5f80b302\"><strong>                                                                                                                                                                                                                  ADV BTP \u2013 R\u00e9novation Tous Corps d\u2019\u00c9tat (77)                                                                                                      L&rsquo;ART DE LA RENOVATION PERFORMANTE<\/strong><\/p>\n\n\n\n<p class=\"wp-container-content-69bc4bdf\"><strong>Entreprise de r\u00e9novation sp\u00e9cialis\u00e9e dans la r\u00e9habilitation de maisons individuelles <\/strong><\/p>\n\n\n\n<p class=\"wp-container-content-69bc4bdf\"><strong>\ud83d\udccd Bailly-Romainvilliers (77700) \u2013 Intervention dans un rayon de 25 kmS<br>\ud83d\udcde 06 50 48 61 18<\/strong><\/p>\n<\/div>\n\n<\/div>\n\n<\/div>\n<\/details>\n\n<\/div>\n\n\n\n<p><\/p>\n","protected":false},"excerpt":{"rendered":"","protected":false},"author":1,"featured_media":3098,"parent":0,"menu_order":0,"comment_status":"closed","ping_status":"closed","template":"","meta":{"_uag_custom_page_level_css":"","site-sidebar-layout":"no-sidebar","site-content-layout":"plain-container","ast-site-content-layout":"normal-width-container","site-content-style":"unboxed","site-sidebar-style":"unboxed","ast-global-header-display":"","ast-banner-title-visibility":"","ast-main-header-display":"","ast-hfb-above-header-display":"","ast-hfb-below-header-display":"","ast-hfb-mobile-header-display":"","site-post-title":"disabled","ast-breadcrumbs-content":"","ast-featured-img":"disabled","footer-sml-layout":"","ast-disable-related-posts":"","theme-transparent-header-meta":"enabled","adv-header-id-meta":"","stick-header-meta":"","header-above-stick-meta":"","header-main-stick-meta":"","header-below-stick-meta":"","astra-migrate-meta-layouts":"set","ast-page-background-enabled":"default","ast-page-background-meta":{"desktop":{"background-color":"","background-image":"","background-repeat":"repeat","background-position":"center center","background-size":"auto","background-attachment":"scroll","background-type":"","background-media":"","overlay-type":"","overlay-color":"","overlay-opacity":"","overlay-gradient":""},"tablet":{"background-color":"","background-image":"","background-repeat":"repeat","background-position":"center center","background-size":"auto","background-attachment":"scroll","background-type":"","background-media":"","overlay-type":"","overlay-color":"","overlay-opacity":"","overlay-gradient":""},"mobile":{"background-color":"","background-image":"","background-repeat":"repeat","background-position":"center center","background-size":"auto","background-attachment":"scroll","background-type":"","background-media":"","overlay-type":"","overlay-color":"","overlay-opacity":"","overlay-gradient":""}},"ast-content-background-meta":{"desktop":{"background-color":"var(--ast-global-color-5)","background-image":"","background-repeat":"repeat","background-position":"center center","background-size":"auto","background-attachment":"scroll","background-type":"","background-media":"","overlay-type":"","overlay-color":"","overlay-opacity":"","overlay-gradient":""},"tablet":{"background-color":"var(--ast-global-color-5)","background-image":"","background-repeat":"repeat","background-position":"center center","background-size":"auto","background-attachment":"scroll","background-type":"","background-media":"","overlay-type":"","overlay-color":"","overlay-opacity":"","overlay-gradient":""},"mobile":{"background-color":"var(--ast-global-color-5)","background-image":"","background-repeat":"repeat","background-position":"center center","background-size":"auto","background-attachment":"scroll","background-type":"","background-media":"","overlay-type":"","overlay-color":"","overlay-opacity":"","overlay-gradient":""}},"footnotes":""},"class_list":["post-1224","page","type-page","status-publish","has-post-thumbnail","hentry"],"aioseo_notices":[],"_hostinger_reach_plugin_has_subscription_block":false,"_hostinger_reach_plugin_is_elementor":false,"uagb_featured_image_src":{"full":["https:\/\/advbtp.com\/wp-content\/uploads\/2026\/01\/Logo-arbre-du-voyageur-1-scaled.png",2560,2560,false],"thumbnail":["https:\/\/advbtp.com\/wp-content\/uploads\/2026\/01\/Logo-arbre-du-voyageur-1-150x150.png",150,150,true],"medium":["https:\/\/advbtp.com\/wp-content\/uploads\/2026\/01\/Logo-arbre-du-voyageur-1-300x300.png",300,300,true],"medium_large":["https:\/\/advbtp.com\/wp-content\/uploads\/2026\/01\/Logo-arbre-du-voyageur-1-768x768.png",768,768,true],"large":["https:\/\/advbtp.com\/wp-content\/uploads\/2026\/01\/Logo-arbre-du-voyageur-1-1024x1024.png",1024,1024,true],"1536x1536":["https:\/\/advbtp.com\/wp-content\/uploads\/2026\/01\/Logo-arbre-du-voyageur-1-1536x1536.png",1536,1536,true],"2048x2048":["https:\/\/advbtp.com\/wp-content\/uploads\/2026\/01\/Logo-arbre-du-voyageur-1-2048x2048.png",2048,2048,true]},"uagb_author_info":{"display_name":"advbtp@gmail.com","author_link":"https:\/\/advbtp.com\/?author=1"},"uagb_comment_info":0,"uagb_excerpt":null,"_links":{"self":[{"href":"https:\/\/advbtp.com\/index.php?rest_route=\/wp\/v2\/pages\/1224","targetHints":{"allow":["GET"]}}],"collection":[{"href":"https:\/\/advbtp.com\/index.php?rest_route=\/wp\/v2\/pages"}],"about":[{"href":"https:\/\/advbtp.com\/index.php?rest_route=\/wp\/v2\/types\/page"}],"author":[{"embeddable":true,"href":"https:\/\/advbtp.com\/index.php?rest_route=\/wp\/v2\/users\/1"}],"replies":[{"embeddable":true,"href":"https:\/\/advbtp.com\/index.php?rest_route=%2Fwp%2Fv2%2Fcomments&post=1224"}],"version-history":[{"count":13,"href":"https:\/\/advbtp.com\/index.php?rest_route=\/wp\/v2\/pages\/1224\/revisions"}],"predecessor-version":[{"id":3250,"href":"https:\/\/advbtp.com\/index.php?rest_route=\/wp\/v2\/pages\/1224\/revisions\/3250"}],"wp:featuredmedia":[{"embeddable":true,"href":"https:\/\/advbtp.com\/index.php?rest_route=\/wp\/v2\/media\/3098"}],"wp:attachment":[{"href":"https:\/\/advbtp.com\/index.php?rest_route=%2Fwp%2Fv2%2Fmedia&parent=1224"}],"curies":[{"name":"wp","href":"https:\/\/api.w.org\/{rel}","templated":true}]}}