{"id":1186,"date":"2026-01-28T10:46:02","date_gmt":"2026-01-28T10:46:02","guid":{"rendered":"https:\/\/advbtp.com\/testimonials\/"},"modified":"2026-04-16T09:35:18","modified_gmt":"2026-04-16T09:35:18","slug":"testimonials","status":"publish","type":"page","link":"https:\/\/advbtp.com\/?page_id=1186","title":{"rendered":"AVIS ET TEMOIGNAGES CLIENTS"},"content":{"rendered":"<div data-spectra-id=\"spectra-mhuabbhy-gr66u7\"\tstyle=\"overflow: visible; --spectra-background-color: var(--ast-global-color-7); --spectra-overlay-opacity: 0.65;\" class=\"spectra-is-root-container alignfull spectra-overlay-color spectra-overflow spectra-background-color spectra-dim-ratio wp-block-spectra-container\" data-orientation=\"vertical\"\t>\n\t\n<div data-spectra-id=\"spectra-e3d58b10-a796-4d7d-bcc9-f3cef9514a91\" style=\"overflow: visible\" class=\"spectra-overlay-color spectra-overflow wp-block-spectra-container\" data-orientation=\"vertical\">\n\t\n\t<h1 data-spectra-id=\"spectra-mhuafoaf-r3lzb8\" style=\"--spectra-text-color: white\" class=\"has-text-color has-link-color spectra-text-color wp-elements-4c1ad819999253efcdcbfea87c6fcff4 wp-block-spectra-content has-text-color has-white-color\">\n\t\tAVIS &amp; TEMOIGNAGES\t<\/h1>\n\n\n\t<p data-spectra-id=\"spectra-mhuafop4-kp1pyl\" style=\"--spectra-text-color: white\" class=\"has-text-color has-link-color spectra-text-color wp-elements-fa8063d03925954463dfe38ed893443f wp-block-spectra-content has-text-color has-white-color\">\n\t\tPartageons ensemble sur le d\u00e9roulement de votre projet\t<\/p>\n\n<\/div>\n\n<\/div>\n\n\n<div data-spectra-id=\"spectra-mhufmqd9-k04p4c\"\tstyle=\"overflow: visible; --spectra-background-gradient: linear-gradient(180deg, var(--ast-global-color-4) 0%, #f9fafa00 100%); --spectra-overlay-opacity: 1;\" class=\"spectra-is-root-container alignwide spectra-overlay-color spectra-overflow spectra-background-gradient spectra-dim-ratio wp-block-spectra-container\" data-orientation=\"vertical\"\t>\n\t\n<div data-spectra-id=\"spectra-72f69e44-3819-459e-b41a-1e891690d6f2\" style=\"overflow: visible\" class=\"spectra-overlay-color spectra-overflow wp-block-spectra-container\" data-orientation=\"horizontal\">\n\t\n<div data-spectra-id=\"spectra-mhugbh4t-s8w4y0\" style=\"overflow: visible\" class=\"spectra-overlay-color spectra-overflow wp-block-spectra-container\" data-orientation=\"vertical\">\n\t\n<div data-spectra-id=\"spectra-mhu3gceg-dgbiig\" style=\"overflow: visible;--spectra-background-color: var(--ast-global-color-5)\" class=\"spectra-overlay-color spectra-overflow spectra-background-color wp-block-spectra-container\" data-orientation=\"vertical\">\n\t\n\n<p><strong><a href=\"https:\/\/www.google.com\/search?newwindow=1&amp;sca_esv=9e1beb2d6882991f&amp;sxsrf=ANbL-n6_Xz8oqaw1Z0P93LAoyk_oHCJe3g:1769675527720&amp;kgmid=\/g\/11j8c0696h&amp;q=L%27Arbre+du+voyageur+BTP&amp;shem=bdsle,ptotple,shrtsdl&amp;shndl=30&amp;source=sh\/x\/loc\/uni\/m1\/1&amp;kgs=1ae27d32ccef423d&amp;utm_source=bdsle,ptotple,shrtsdl,sh\/x\/loc\/uni\/m1\/1\" title=\"\"><mark class=\"has-inline-color has-ast-global-color-0-color\">ALEXIS AUSSIERE<\/mark><\/a><\/strong><\/p>\n\n\n\n<p><strong><mark class=\"has-inline-color has-ast-global-color-0-color\">14\u00a0avis\u00a0\u2022\u00a03\u00a0photos<\/mark><\/strong><\/p>\n\n\n\n<p><strong><mark class=\"has-inline-color has-ast-global-color-0-color\">5\/5<\/mark><\/strong><\/p>\n\n\n\n<p><strong><em><a href=\"https:\/\/www.google.com\/search?newwindow=1&amp;sca_esv=9e1beb2d6882991f&amp;sxsrf=ANbL-n6_Xz8oqaw1Z0P93LAoyk_oHCJe3g:1769675527720&amp;kgmid=\/g\/11j8c0696h&amp;q=L%27Arbre+du+voyageur+BTP&amp;shem=bdsle,ptotple,shrtsdl&amp;shndl=30&amp;source=sh\/x\/loc\/uni\/m1\/1&amp;kgs=1ae27d32ccef423d&amp;utm_source=bdsle,ptotple,shrtsdl,sh\/x\/loc\/uni\/m1\/1\" title=\"\">ADVBTP a r\u00e9nov\u00e9 mon appartement enti\u00e8rement en un temps record, r\u00e9activit\u00e9, propret\u00e9 s\u00e9rieux je recommande vivement cette soci\u00e9t\u00e9. M.Fatouh est une personne de confiance, confiez lui votre projet et soyez tranquille pour la r\u00e9alisation de vos travaux \ud83d\ude00\ud83d\udc4d<\/a><\/em><\/strong><\/p>\n\n<\/div>\n\n\n<div data-spectra-id=\"spectra-8df806ef-0c94-4855-b058-d4b7bdc0f9f8\" style=\"overflow: visible;--spectra-background-color: var(--ast-global-color-5)\" class=\"spectra-overlay-color spectra-overflow spectra-background-color wp-block-spectra-container\" data-orientation=\"vertical\">\n\t\n\n<p><strong><mark class=\"has-inline-color has-ast-global-color-0-color\">Jabrane BAKHOURY<\/mark><\/strong><\/p>\n\n\n\n<p><strong><mark class=\"has-inline-color has-ast-global-color-0-color\">12\u00a0avis\u00a0\u2022\u00a06\u00a0photos<\/mark><\/strong><\/p>\n\n\n\n<p><strong><mark class=\"has-inline-color has-ast-global-color-0-color\">5\/5<\/mark><\/strong><\/p>\n\n\n\t<p data-spectra-id=\"spectra-5a70c708-2c71-4e96-a18b-6898bdec6743\" class=\"wp-block-spectra-content\">\n\t\t<strong><em><a href=\"https:\/\/www.google.com\/search?newwindow=1&amp;sca_esv=9e1beb2d6882991f&amp;sxsrf=ANbL-n6_Xz8oqaw1Z0P93LAoyk_oHCJe3g:1769675527720&amp;kgmid=\/g\/11j8c0696h&amp;q=L%27Arbre+du+voyageur+BTP&amp;shem=bdsle,ptotple,shrtsdl&amp;shndl=30&amp;source=sh\/x\/loc\/uni\/m1\/1&amp;kgs=1ae27d32ccef423d&amp;utm_source=bdsle,ptotple,shrtsdl,sh\/x\/loc\/uni\/m1\/1\" title=\"\"><mark class=\"has-inline-color has-ast-global-color-0-color\">Je recommande vivement L\u2019arbre du voyageur pour tous vos travaux d\u2019am\u00e9nagement int\u00e9rieur\/ext\u00e9rieur. Merci pour le travail soign\u00e9 et de qualit\u00e9. J\u2019ai pu faire une extension de terrasse de 25m2 ainsi qu\u2019une v\u00e9randa, qui transforme r\u00e9ellement ma maison. Un vrai plaisir pour profiter du beau temps en \u00e9t\u00e9 \ud83d\ude04.<br>Si vous rechercher le meilleur rapport qualit\u00e9 prix, n\u2019h\u00e9sitez pas \u00e0 les contacter, ils sont top.<br>M. Bakhoury<\/mark><\/a><\/em><\/strong>\t<\/p>\n\n<\/div>\n\n\n<div data-spectra-id=\"spectra-bfebf56d-06f0-4573-9929-10334f4e20a5\" style=\"overflow: visible;--spectra-background-color: var(--ast-global-color-5)\" class=\"spectra-overlay-color spectra-overflow spectra-background-color wp-block-spectra-container\" data-orientation=\"vertical\">\n\t\n\n<p><strong><mark class=\"has-inline-color has-ast-global-color-0-color\">M. PLOS<\/mark><\/strong><\/p>\n\n\n\n<p><strong><mark class=\"has-inline-color has-ast-global-color-0-color\">5\/5<\/mark><\/strong><\/p>\n\n\n\t<p data-spectra-id=\"spectra-b2e75530-bb9f-4710-ab07-bfbb5f9016ab\" class=\"wp-block-spectra-content\">\n\t\t<strong><em><a href=\"https:\/\/www.google.com\/search?newwindow=1&amp;sca_esv=9e1beb2d6882991f&amp;sxsrf=ANbL-n6_Xz8oqaw1Z0P93LAoyk_oHCJe3g:1769675527720&amp;kgmid=\/g\/11j8c0696h&amp;q=L%27Arbre+du+voyageur+BTP&amp;shem=bdsle,ptotple,shrtsdl&amp;shndl=30&amp;source=sh\/x\/loc\/uni\/m1\/1&amp;kgs=1ae27d32ccef423d&amp;utm_source=bdsle,ptotple,shrtsdl,sh\/x\/loc\/uni\/m1\/1\" title=\"\"><mark class=\"has-inline-color has-ast-global-color-0-color\">Je ne suis pas sp\u00e9cialement le genre de personne a laisser des avis mais l\u00e0, je suis vraiment satisfait du travail de l&rsquo;\u00e9quipe. Ils m ont donn\u00e9 le sentiment de faire les choses comme s il s agissait de travaux pour chez eux. A l \u00e9coute de notre projet pour l am\u00e9nagement de nos combles et d une salle d eau compl\u00e9mentaire pour les enfants, m\u00e9ticuleux dans leur travail, efficace et fiable et la liste de compliments pourrait \u00eatre encore tellement longue&#8230;..Merci a tous, et nous avons enfin trouv\u00e9 l entreprise et les hommes qu il nous faut pour nos futurs projets. Milles mercis encore.<br>Positif<br>R\u00e9activit\u00e9, Ponctualit\u00e9, Qualit\u00e9, Professionnalisme, Prix<\/mark><\/a><\/em><\/strong>\t<\/p>\n\n<\/div>\n\n<\/div>\n\n\n<div data-spectra-id=\"spectra-a541b610-8003-4617-b824-fee84341dc37\" style=\"overflow: visible\" class=\"spectra-overlay-color spectra-overflow wp-block-spectra-container\" data-orientation=\"vertical\">\n\t\n<div data-spectra-id=\"spectra-d32cf487-754c-4bb5-8381-210668ec4a8a\" style=\"overflow: visible;--spectra-background-color: var(--ast-global-color-5)\" class=\"spectra-overlay-color spectra-overflow spectra-background-color wp-block-spectra-container\" data-orientation=\"vertical\">\n\t\n\t<p data-spectra-id=\"spectra-6042ba9e-fd37-4a96-81f6-915d0085fa9c\" class=\"wp-block-spectra-content\">\n\t\t<strong><a href=\"https:\/\/www.google.com\/search?newwindow=1&amp;sca_esv=9e1beb2d6882991f&amp;sxsrf=ANbL-n6_Xz8oqaw1Z0P93LAoyk_oHCJe3g:1769675527720&amp;kgmid=\/g\/11j8c0696h&amp;q=L%27Arbre+du+voyageur+BTP&amp;shem=bdsle,ptotple,shrtsdl&amp;shndl=30&amp;source=sh\/x\/loc\/uni\/m1\/1&amp;kgs=1ae27d32ccef423d&amp;utm_source=bdsle,ptotple,shrtsdl,sh\/x\/loc\/uni\/m1\/1\" title=\"\"><mark class=\"has-inline-color has-ast-global-color-0-color\">Pierre MARCHAND <\/mark><\/a><\/strong>\t<\/p>\n\n\n\n<p class=\"has-text-align-left\" style=\"font-size:16px;font-style:normal;font-weight:300;line-height:1.8\"><a href=\"https:\/\/www.google.com\/search?newwindow=1&amp;sca_esv=9e1beb2d6882991f&amp;sxsrf=ANbL-n6_Xz8oqaw1Z0P93LAoyk_oHCJe3g:1769675527720&amp;kgmid=\/g\/11j8c0696h&amp;q=L%27Arbre+du+voyageur+BTP&amp;shem=bdsle,ptotple,shrtsdl&amp;shndl=30&amp;source=sh\/x\/loc\/uni\/m1\/1&amp;kgs=1ae27d32ccef423d&amp;utm_source=bdsle,ptotple,shrtsdl,sh\/x\/loc\/uni\/m1\/1\" title=\"\"><strong><mark class=\"has-inline-color has-ast-global-color-0-color\">6\u00a0avis\u00a0\u2022\u00a00\u00a0photo<br>5\/5<\/mark><\/strong><\/a><br><strong><em><a href=\"https:\/\/www.google.com\/search?newwindow=1&amp;sca_esv=9e1beb2d6882991f&amp;sxsrf=ANbL-n6_Xz8oqaw1Z0P93LAoyk_oHCJe3g:1769675527720&amp;kgmid=\/g\/11j8c0696h&amp;q=L%27Arbre+du+voyageur+BTP&amp;shem=bdsle,ptotple,shrtsdl&amp;shndl=30&amp;source=sh\/x\/loc\/uni\/m1\/1&amp;kgs=1ae27d32ccef423d&amp;utm_source=bdsle,ptotple,shrtsdl,sh\/x\/loc\/uni\/m1\/1\" title=\"\"><mark class=\"has-inline-color has-ast-global-color-0-color\">Mourad et Renaud sont deux professionnels tr\u00e8s s\u00e9rieux avec de grandes qualit\u00e9s. Nous avons fait appel \u00e0 eux pour une r\u00e9novation globale de notre maison, tout \u00e0 \u00e9t\u00e9 parfait, de l&rsquo;\u00e9laboration du projet jusqu&rsquo;a la fin du chantier.<br>Investis, de tr\u00e8s bons conseils, d\u00e9lai des travaux et budget respect\u00e9s, vous pouvez avoir toute confiance dans la qualit\u00e9 de leur travail.<br>Malgr\u00e9 les impr\u00e9vus et urgences li\u00e9s \u00e0 la r\u00e9novation d&rsquo;une nouvelle acquisition, Mourad et Renaud ont quand m\u00eame pris le temps d&rsquo;effectuer toute les r\u00e9parations n\u00e9cessaires pour que l&rsquo;on puisse emm\u00e9nager dans les temps. Professionnalisme suffisamment rare pour le soulign\u00e9.<br>Nous recommandons a 100% cette entreprise et nous ferons appel \u00e0 eux pour de nouveaux projets.<\/mark><\/a><\/em><\/strong><\/p>\n\n<\/div>\n\n\n<div data-spectra-id=\"spectra-d7322e33-250b-4eb9-9741-192fa805ab7e\" style=\"overflow: visible;--spectra-background-color: var(--ast-global-color-5)\" class=\"spectra-overlay-color spectra-overflow spectra-background-color wp-block-spectra-container\" data-orientation=\"vertical\">\n\t\n\n<p><strong><mark class=\"has-inline-color has-ast-global-color-0-color\">Jordan<\/mark><\/strong><\/p>\n\n\n\n<p><strong><mark class=\"has-inline-color has-ast-global-color-0-color\">5\/5<\/mark><\/strong><\/p>\n\n\n\t<p data-spectra-id=\"spectra-6e5d0c85-f382-4368-a5df-cb27818191aa\" class=\"wp-block-spectra-content\">\n\t\t<strong><em><a href=\"https:\/\/www.google.com\/search?newwindow=1&amp;sca_esv=9e1beb2d6882991f&amp;sxsrf=ANbL-n6_Xz8oqaw1Z0P93LAoyk_oHCJe3g:1769675527720&amp;kgmid=\/g\/11j8c0696h&amp;q=L%27Arbre+du+voyageur+BTP&amp;shem=bdsle,ptotple,shrtsdl&amp;shndl=30&amp;source=sh\/x\/loc\/uni\/m1\/1&amp;kgs=1ae27d32ccef423d&amp;utm_source=bdsle,ptotple,shrtsdl,sh\/x\/loc\/uni\/m1\/1\" title=\"\"><mark class=\"has-inline-color has-ast-global-color-0-color\">La qualit\u00e9 de l\u2019accueil, la capacit\u00e9 d\u2019\u00e9coute active permet \u00e0 cette soci\u00e9t\u00e9 de r\u00e9pondre en totale ad\u00e9quation avec le besoin client. Le temps de r\u00e9ponse aussi fait parti des points forts. Je recommande fortement.<br>Positif<br>R\u00e9activit\u00e9, Ponctualit\u00e9, Qualit\u00e9, Professionnalisme, Prix<\/mark><\/a><\/em><\/strong>\t<\/p>\n\n<\/div>\n\n\n<div data-spectra-id=\"spectra-065d0230-e2e4-4968-8239-9d00aee71572\" style=\"overflow: visible;--spectra-background-color: var(--ast-global-color-5)\" class=\"spectra-overlay-color spectra-overflow spectra-background-color wp-block-spectra-container\" data-orientation=\"vertical\">\n\t\n\n<p><strong><mark class=\"has-inline-color has-ast-global-color-0-color\">M. ROBIN<\/mark><\/strong><\/p>\n\n\n\n<p><strong><mark class=\"has-inline-color has-ast-global-color-0-color\">5\/5<\/mark><\/strong><\/p>\n\n\n\t<p data-spectra-id=\"spectra-b6bf6473-3ee0-4cf2-b194-98d677f7151e\" class=\"wp-block-spectra-content\">\n\t\t<strong><em><a href=\"https:\/\/www.google.com\/search?newwindow=1&amp;sca_esv=9e1beb2d6882991f&amp;sxsrf=ANbL-n6_Xz8oqaw1Z0P93LAoyk_oHCJe3g:1769675527720&amp;kgmid=\/g\/11j8c0696h&amp;q=L%27Arbre+du+voyageur+BTP&amp;shem=bdsle,ptotple,shrtsdl&amp;shndl=30&amp;source=sh\/x\/loc\/uni\/m1\/1&amp;kgs=1ae27d32ccef423d&amp;utm_source=bdsle,ptotple,shrtsdl,sh\/x\/loc\/uni\/m1\/1\" title=\"\">Photo de notre salon refait \u00e0 neuf sur le site, tr\u00e8s content du r\u00e9sultat. Des probl\u00e8mes pendant les travaux oui comme sur tout chantier mais \u00e0 l&rsquo;\u00e9coute du client le soir comme le week end, pas comme certains qui se disent professionnels. Entreprise recommand\u00e9<br>Positif<br>R\u00e9activit\u00e9, Professionnalisme<br>Services<br>Modification d&rsquo;installations \u00e9lectriques, Pose de plaques de pl\u00e2tre, Installation de carreaux\/carrelages, Peinture d&rsquo;int\u00e9rieur, R\u00e9paration de plaques de pl\u00e2tre, Remplacement de carreaux\/carrelages, Imperm\u00e9abilisation<\/a><\/em><\/strong>\t<\/p>\n\n<\/div>\n\n<\/div>\n\n<\/div>\n\n<\/div>\n\n\n\n<p><\/p>\n","protected":false},"excerpt":{"rendered":"","protected":false},"author":1,"featured_media":0,"parent":0,"menu_order":0,"comment_status":"closed","ping_status":"closed","template":"","meta":{"_uag_custom_page_level_css":"","site-sidebar-layout":"no-sidebar","site-content-layout":"plain-container","ast-site-content-layout":"normal-width-container","site-content-style":"unboxed","site-sidebar-style":"unboxed","ast-global-header-display":"","ast-banner-title-visibility":"","ast-main-header-display":"","ast-hfb-above-header-display":"","ast-hfb-below-header-display":"","ast-hfb-mobile-header-display":"","site-post-title":"disabled","ast-breadcrumbs-content":"","ast-featured-img":"disabled","footer-sml-layout":"","ast-disable-related-posts":"","theme-transparent-header-meta":"enabled","adv-header-id-meta":"","stick-header-meta":"","header-above-stick-meta":"","header-main-stick-meta":"","header-below-stick-meta":"","astra-migrate-meta-layouts":"set","ast-page-background-enabled":"default","ast-page-background-meta":{"desktop":{"background-color":"","background-image":"","background-repeat":"repeat","background-position":"center center","background-size":"auto","background-attachment":"scroll","background-type":"","background-media":"","overlay-type":"","overlay-color":"","overlay-opacity":"","overlay-gradient":""},"tablet":{"background-color":"","background-image":"","background-repeat":"repeat","background-position":"center center","background-size":"auto","background-attachment":"scroll","background-type":"","background-media":"","overlay-type":"","overlay-color":"","overlay-opacity":"","overlay-gradient":""},"mobile":{"background-color":"","background-image":"","background-repeat":"repeat","background-position":"center center","background-size":"auto","background-attachment":"scroll","background-type":"","background-media":"","overlay-type":"","overlay-color":"","overlay-opacity":"","overlay-gradient":""}},"ast-content-background-meta":{"desktop":{"background-color":"var(--ast-global-color-5)","background-image":"","background-repeat":"repeat","background-position":"center center","background-size":"auto","background-attachment":"scroll","background-type":"","background-media":"","overlay-type":"","overlay-color":"","overlay-opacity":"","overlay-gradient":""},"tablet":{"background-color":"var(--ast-global-color-5)","background-image":"","background-repeat":"repeat","background-position":"center center","background-size":"auto","background-attachment":"scroll","background-type":"","background-media":"","overlay-type":"","overlay-color":"","overlay-opacity":"","overlay-gradient":""},"mobile":{"background-color":"var(--ast-global-color-5)","background-image":"","background-repeat":"repeat","background-position":"center center","background-size":"auto","background-attachment":"scroll","background-type":"","background-media":"","overlay-type":"","overlay-color":"","overlay-opacity":"","overlay-gradient":""}},"footnotes":""},"class_list":["post-1186","page","type-page","status-publish","hentry"],"aioseo_notices":[],"_hostinger_reach_plugin_has_subscription_block":false,"_hostinger_reach_plugin_is_elementor":false,"uagb_featured_image_src":{"full":false,"thumbnail":false,"medium":false,"medium_large":false,"large":false,"1536x1536":false,"2048x2048":false},"uagb_author_info":{"display_name":"advbtp@gmail.com","author_link":"https:\/\/advbtp.com\/?author=1"},"uagb_comment_info":0,"uagb_excerpt":null,"_links":{"self":[{"href":"https:\/\/advbtp.com\/index.php?rest_route=\/wp\/v2\/pages\/1186","targetHints":{"allow":["GET"]}}],"collection":[{"href":"https:\/\/advbtp.com\/index.php?rest_route=\/wp\/v2\/pages"}],"about":[{"href":"https:\/\/advbtp.com\/index.php?rest_route=\/wp\/v2\/types\/page"}],"author":[{"embeddable":true,"href":"https:\/\/advbtp.com\/index.php?rest_route=\/wp\/v2\/users\/1"}],"replies":[{"embeddable":true,"href":"https:\/\/advbtp.com\/index.php?rest_route=%2Fwp%2Fv2%2Fcomments&post=1186"}],"version-history":[{"count":8,"href":"https:\/\/advbtp.com\/index.php?rest_route=\/wp\/v2\/pages\/1186\/revisions"}],"predecessor-version":[{"id":3264,"href":"https:\/\/advbtp.com\/index.php?rest_route=\/wp\/v2\/pages\/1186\/revisions\/3264"}],"wp:attachment":[{"href":"https:\/\/advbtp.com\/index.php?rest_route=%2Fwp%2Fv2%2Fmedia&parent=1186"}],"curies":[{"name":"wp","href":"https:\/\/api.w.org\/{rel}","templated":true}]}}